{"id":36,"date":"2023-04-30T22:12:20","date_gmt":"2023-05-01T01:12:20","guid":{"rendered":"https:\/\/jornalofatual.ufsc.br\/?page_id=36"},"modified":"2025-06-01T17:54:08","modified_gmt":"2025-06-01T20:54:08","slug":"quem-somos","status":"publish","type":"page","link":"https:\/\/jornalofatual.ufsc.br\/index.php\/quem-somos\/","title":{"rendered":"QUEM SOMOS"},"content":{"rendered":"\n<h2 class=\"wp-block-heading has-large-font-size\">QUEM SOMOS?<\/h2>\n\n\n\n<blockquote class=\"wp-block-quote is-layout-flow wp-block-quote-is-layout-flow\">\n<p>O <em>Fatual UFSC<\/em> \u00e9 um jornal-laborat\u00f3rio produzido pelos estudantes da disciplina de Linguagem e Texto Jornal\u00edstico II da segunda fase do curso de Jornalismo da Universidade Federal de Santa Catarina (UFSC).<\/p>\n\n\n\n<p>O <em>Fatual<\/em> tamb\u00e9m hospeda reportagens, podcasts e outros produtos jornal\u00edsticos de ex-alunos da disciplina.<\/p>\n<\/blockquote>\n\n\n\n<h2 class=\"wp-block-heading has-large-font-size\">NOSSA EQUIPE<\/h2>\n\n\n\n<blockquote class=\"wp-block-quote is-style-default is-layout-flow wp-block-quote-is-layout-flow\">\n<p><strong>Orientadora:<\/strong><\/p>\n\n\n\n<p>Professora Daisi Vogel <\/p>\n\n\n\n<h2 class=\"wp-block-heading has-large-font-size\">2025.1<\/h2>\n\n\n\n<p><strong>Editor-chefe e monitor:<\/strong><\/p>\n\n\n\n<p>Jota Ferreira<\/p>\n\n\n\n<p><strong>Editores-assistentes:<\/strong><\/p>\n\n\n\n<p>Arthur Alves, Nathaly Bittencourt, Iara Rocha, Di\u00f4go Bastos e Mait\u00ea Silveira<\/p>\n\n\n\n<p><strong>Rep\u00f3rteres e estudantes:<\/strong><\/p>\n\n\n\n<p>Ari\u00e9ll Crist\u00f3v\u00e3o<\/p>\n\n\n\n<p>Arthur Amaral<\/p>\n\n\n\n<p>Ayana Ara\u00fajo<\/p>\n\n\n\n<p>Estefany Martins<\/p>\n\n\n\n<p>Eduarda Faria<\/p>\n\n\n\n<p>Felipe Paze<\/p>\n\n\n\n<p>Iara Lima<\/p>\n\n\n\n<p>Isabella da Rosa<\/p>\n\n\n\n<p>Isadora Cristina<\/p>\n\n\n\n<p>Igor Cardoso<\/p>\n\n\n\n<p>Ingrid Calixto<\/p>\n\n\n\n<p>Jo\u00e3o Hasse<\/p>\n\n\n\n<p>Julia Vicente<\/p>\n\n\n\n<p>Larissa Faria<\/p>\n\n\n\n<p>Luiz Cucco<\/p>\n\n\n\n<p>Maria Clara de Farias<\/p>\n\n\n\n<p>Marina Santos<\/p>\n\n\n\n<p>Nathalia Luna<\/p>\n\n\n\n<p>Ol\u00edvia Geleilete<\/p>\n\n\n\n<p>Paulo Santos<\/p>\n\n\n\n<p>Rafael Viegas<\/p>\n\n\n\n<p>Ricardo Verka<\/p>\n\n\n\n<p>Rafaella Junkes<\/p>\n\n\n\n<p>Sarah\u00a0Pretto<\/p>\n\n\n\n<p>Thiago Bastitela<\/p>\n<\/blockquote>\n\n\n\n<div style=\"height:30px\" aria-hidden=\"true\" class=\"wp-block-spacer\"><\/div>\n\n\n\n<div class=\"wp-block-buttons is-layout-flex wp-block-buttons-is-layout-flex\">\n<div class=\"wp-block-button\"><a class=\"wp-block-button__link wp-element-button\" href=\"https:\/\/jornalofatual.ufsc.br\/index.php\/quem-somos\/quem-somos-3-2\/\">2024.2<\/a><\/div>\n\n\n\n<div class=\"wp-block-button\"><a class=\"wp-block-button__link wp-element-button\" href=\"https:\/\/jornalofatual.ufsc.br\/index.php\/quem-somos-2\/\">2024.1<\/a><\/div>\n\n\n\n<div class=\"wp-block-button\"><a class=\"wp-block-button__link wp-element-button\" href=\"https:\/\/jornalofatual.ufsc.br\/index.php\/2023-2\/\">2023.2<\/a><\/div>\n\n\n\n<div class=\"wp-block-button\"><a class=\"wp-block-button__link wp-element-button\" href=\"https:\/\/jornalofatual.ufsc.br\/index.php\/2023-1\/\">2023.1<\/a><\/div>\n<\/div>\n\n\n\n<div style=\"height:30px\" aria-hidden=\"true\" class=\"wp-block-spacer\"><\/div>\n\n\n\n<div class=\"wp-block-group\"><div class=\"wp-block-group__inner-container is-layout-constrained wp-block-group-is-layout-constrained\">\n<blockquote class=\"wp-block-quote is-style-default is-layout-flow wp-block-quote-is-layout-flow\">\n<p><strong>Edi\u00e7\u00e3o do site por:<\/strong><\/p>\n\n\n\n<p>Vit\u00f3rya Navegantes e Vin\u00edcius Graton<\/p>\n<\/blockquote>\n<\/div><\/div>\n","protected":false},"excerpt":{"rendered":"<p>QUEM SOMOS? O Fatual UFSC \u00e9 um jornal-laborat\u00f3rio produzido pelos estudantes da disciplina de Linguagem e Texto Jornal\u00edstico II da segunda fase do curso de Jornalismo da Universidade Federal de Santa Catarina (UFSC). O Fatual tamb\u00e9m hospeda reportagens, podcasts e outros produtos jornal\u00edsticos de ex-alunos da disciplina. NOSSA EQUIPE Orientadora: Professora Daisi Vogel 2025.1 Editor-chefe [&hellip;]<\/p>\n","protected":false},"author":1,"featured_media":0,"parent":0,"menu_order":0,"comment_status":"closed","ping_status":"closed","template":"","meta":{"footnotes":""},"class_list":["post-36","page","type-page","status-publish","hentry"],"yoast_head":"<!-- This site is optimized with the Yoast SEO plugin v22.9 - https:\/\/yoast.com\/wordpress\/plugins\/seo\/ -->\n<title>QUEM SOMOS - O Fatual<\/title>\n<meta name=\"robots\" content=\"index, follow, max-snippet:-1, max-image-preview:large, max-video-preview:-1\" \/>\n<link rel=\"canonical\" href=\"https:\/\/jornalofatual.ufsc.br\/index.php\/quem-somos\/\" \/>\n<meta property=\"og:locale\" content=\"pt_BR\" \/>\n<meta property=\"og:type\" content=\"article\" \/>\n<meta property=\"og:title\" content=\"QUEM SOMOS - O Fatual\" \/>\n<meta property=\"og:description\" content=\"QUEM SOMOS? O Fatual UFSC \u00e9 um jornal-laborat\u00f3rio produzido pelos estudantes da disciplina de Linguagem e Texto Jornal\u00edstico II da segunda fase do curso de Jornalismo da Universidade Federal de Santa Catarina (UFSC). O Fatual tamb\u00e9m hospeda reportagens, podcasts e outros produtos jornal\u00edsticos de ex-alunos da disciplina. NOSSA EQUIPE Orientadora: Professora Daisi Vogel 2025.1 Editor-chefe [&hellip;]\" \/>\n<meta property=\"og:url\" content=\"https:\/\/jornalofatual.ufsc.br\/index.php\/quem-somos\/\" \/>\n<meta property=\"og:site_name\" content=\"O Fatual\" \/>\n<meta property=\"article:modified_time\" content=\"2025-06-01T20:54:08+00:00\" \/>\n<meta name=\"twitter:card\" content=\"summary_large_image\" \/>\n<meta name=\"twitter:label1\" content=\"Est. tempo de leitura\" \/>\n\t<meta name=\"twitter:data1\" content=\"1 minuto\" \/>\n<script type=\"application\/ld+json\" class=\"yoast-schema-graph\">{\"@context\":\"https:\/\/schema.org\",\"@graph\":[{\"@type\":\"WebPage\",\"@id\":\"https:\/\/jornalofatual.ufsc.br\/index.php\/quem-somos\/\",\"url\":\"https:\/\/jornalofatual.ufsc.br\/index.php\/quem-somos\/\",\"name\":\"QUEM SOMOS - O Fatual\",\"isPartOf\":{\"@id\":\"https:\/\/jornalofatual.ufsc.br\/#website\"},\"datePublished\":\"2023-05-01T01:12:20+00:00\",\"dateModified\":\"2025-06-01T20:54:08+00:00\",\"breadcrumb\":{\"@id\":\"https:\/\/jornalofatual.ufsc.br\/index.php\/quem-somos\/#breadcrumb\"},\"inLanguage\":\"pt-BR\",\"potentialAction\":[{\"@type\":\"ReadAction\",\"target\":[\"https:\/\/jornalofatual.ufsc.br\/index.php\/quem-somos\/\"]}]},{\"@type\":\"BreadcrumbList\",\"@id\":\"https:\/\/jornalofatual.ufsc.br\/index.php\/quem-somos\/#breadcrumb\",\"itemListElement\":[{\"@type\":\"ListItem\",\"position\":1,\"name\":\"In\u00edcio\",\"item\":\"https:\/\/jornalofatual.ufsc.br\/\"},{\"@type\":\"ListItem\",\"position\":2,\"name\":\"QUEM SOMOS\"}]},{\"@type\":\"WebSite\",\"@id\":\"https:\/\/jornalofatual.ufsc.br\/#website\",\"url\":\"https:\/\/jornalofatual.ufsc.br\/\",\"name\":\"O Fatual\",\"description\":\"Jornalismo UFSC\",\"potentialAction\":[{\"@type\":\"SearchAction\",\"target\":{\"@type\":\"EntryPoint\",\"urlTemplate\":\"https:\/\/jornalofatual.ufsc.br\/?s={search_term_string}\"},\"query-input\":\"required name=search_term_string\"}],\"inLanguage\":\"pt-BR\"}]}<\/script>\n<!-- \/ Yoast SEO plugin. -->","yoast_head_json":{"title":"QUEM SOMOS - O Fatual","robots":{"index":"index","follow":"follow","max-snippet":"max-snippet:-1","max-image-preview":"max-image-preview:large","max-video-preview":"max-video-preview:-1"},"canonical":"https:\/\/jornalofatual.ufsc.br\/index.php\/quem-somos\/","og_locale":"pt_BR","og_type":"article","og_title":"QUEM SOMOS - O Fatual","og_description":"QUEM SOMOS? O Fatual UFSC \u00e9 um jornal-laborat\u00f3rio produzido pelos estudantes da disciplina de Linguagem e Texto Jornal\u00edstico II da segunda fase do curso de Jornalismo da Universidade Federal de Santa Catarina (UFSC). O Fatual tamb\u00e9m hospeda reportagens, podcasts e outros produtos jornal\u00edsticos de ex-alunos da disciplina. NOSSA EQUIPE Orientadora: Professora Daisi Vogel 2025.1 Editor-chefe [&hellip;]","og_url":"https:\/\/jornalofatual.ufsc.br\/index.php\/quem-somos\/","og_site_name":"O Fatual","article_modified_time":"2025-06-01T20:54:08+00:00","twitter_card":"summary_large_image","twitter_misc":{"Est. tempo de leitura":"1 minuto"},"schema":{"@context":"https:\/\/schema.org","@graph":[{"@type":"WebPage","@id":"https:\/\/jornalofatual.ufsc.br\/index.php\/quem-somos\/","url":"https:\/\/jornalofatual.ufsc.br\/index.php\/quem-somos\/","name":"QUEM SOMOS - O Fatual","isPartOf":{"@id":"https:\/\/jornalofatual.ufsc.br\/#website"},"datePublished":"2023-05-01T01:12:20+00:00","dateModified":"2025-06-01T20:54:08+00:00","breadcrumb":{"@id":"https:\/\/jornalofatual.ufsc.br\/index.php\/quem-somos\/#breadcrumb"},"inLanguage":"pt-BR","potentialAction":[{"@type":"ReadAction","target":["https:\/\/jornalofatual.ufsc.br\/index.php\/quem-somos\/"]}]},{"@type":"BreadcrumbList","@id":"https:\/\/jornalofatual.ufsc.br\/index.php\/quem-somos\/#breadcrumb","itemListElement":[{"@type":"ListItem","position":1,"name":"In\u00edcio","item":"https:\/\/jornalofatual.ufsc.br\/"},{"@type":"ListItem","position":2,"name":"QUEM SOMOS"}]},{"@type":"WebSite","@id":"https:\/\/jornalofatual.ufsc.br\/#website","url":"https:\/\/jornalofatual.ufsc.br\/","name":"O Fatual","description":"Jornalismo UFSC","potentialAction":[{"@type":"SearchAction","target":{"@type":"EntryPoint","urlTemplate":"https:\/\/jornalofatual.ufsc.br\/?s={search_term_string}"},"query-input":"required name=search_term_string"}],"inLanguage":"pt-BR"}]}},"_links":{"self":[{"href":"https:\/\/jornalofatual.ufsc.br\/index.php\/wp-json\/wp\/v2\/pages\/36","targetHints":{"allow":["GET"]}}],"collection":[{"href":"https:\/\/jornalofatual.ufsc.br\/index.php\/wp-json\/wp\/v2\/pages"}],"about":[{"href":"https:\/\/jornalofatual.ufsc.br\/index.php\/wp-json\/wp\/v2\/types\/page"}],"author":[{"embeddable":true,"href":"https:\/\/jornalofatual.ufsc.br\/index.php\/wp-json\/wp\/v2\/users\/1"}],"replies":[{"embeddable":true,"href":"https:\/\/jornalofatual.ufsc.br\/index.php\/wp-json\/wp\/v2\/comments?post=36"}],"version-history":[{"count":43,"href":"https:\/\/jornalofatual.ufsc.br\/index.php\/wp-json\/wp\/v2\/pages\/36\/revisions"}],"predecessor-version":[{"id":2182,"href":"https:\/\/jornalofatual.ufsc.br\/index.php\/wp-json\/wp\/v2\/pages\/36\/revisions\/2182"}],"wp:attachment":[{"href":"https:\/\/jornalofatual.ufsc.br\/index.php\/wp-json\/wp\/v2\/media?parent=36"}],"curies":[{"name":"wp","href":"https:\/\/api.w.org\/{rel}","templated":true}]}}