{"id":2173,"date":"2025-06-01T17:10:43","date_gmt":"2025-06-01T20:10:43","guid":{"rendered":"https:\/\/jornalofatual.ufsc.br\/?page_id=2173"},"modified":"2025-06-01T17:22:06","modified_gmt":"2025-06-01T20:22:06","slug":"quem-somos-3-2","status":"publish","type":"page","link":"https:\/\/jornalofatual.ufsc.br\/index.php\/quem-somos\/quem-somos-3-2\/","title":{"rendered":"2024.2"},"content":{"rendered":"\n<h1 class=\"wp-block-heading\"><strong>2024.2<\/strong><\/h1>\n\n\n\n<blockquote class=\"wp-block-quote is-layout-flow wp-block-quote-is-layout-flow\">\n<p><strong>Editor-chefe e monitor:<\/strong><\/p>\n\n\n\n<p>Jota Ferreira<\/p>\n\n\n\n<p><strong>Editores-assistentes:<\/strong><\/p>\n\n\n\n<p>Arthur Alves, Nathaly Bittencourt, Fernanda Zwirtes e Iara Rocha<\/p>\n\n\n\n<p><strong>Rep\u00f3rteres e estudantes:<\/strong><\/p>\n\n\n\n<p>Ala\u00edde Gon\u00e7alves<\/p>\n\n\n\n<p>Aline Ribeiro<\/p>\n\n\n\n<p>Andr\u00e9 Farias<\/p>\n\n\n\n<p>Davi Mariano<\/p>\n\n\n\n<p>Domenique Bitencourt<\/p>\n\n\n\n<p>Edu Demarchi<\/p>\n\n\n\n<p>Eduardo Bruscagim<\/p>\n\n\n\n<p>Jo\u00e3o Pedro de Souza<\/p>\n\n\n\n<p>Maria Eduarda Fontana<\/p>\n\n\n\n<p>Samarah Susie<\/p>\n\n\n\n<p>Tainara Flores<\/p>\n\n\n\n<p>Victor Hugo Viegas<\/p>\n\n\n\n<p>Let\u00edcia Barros<\/p>\n\n\n\n<p>Ana Carolina Rodrigues<\/p>\n\n\n\n<p>Ari\u00e9ll Crist\u00f3v\u00e3o<\/p>\n\n\n\n<p>Camili Machado<\/p>\n\n\n\n<p>Deborah Caetano<\/p>\n\n\n\n<p>Di\u00f4go Bastos<\/p>\n\n\n\n<p>Ellen Ramos<\/p>\n\n\n\n<p>Maria Eduarda Assmann<\/p>\n\n\n\n<p>Eliza Freire<\/p>\n\n\n\n<p>Maria Isabel Santos<\/p>\n\n\n\n<p>Marina Bernardo<\/p>\n\n\n\n<p>Raissa H\u00fcbner<\/p>\n\n\n\n<p>Sophia Grin<\/p>\n\n\n\n<p>Tamiris Flores<\/p>\n\n\n\n<p>Adrielli Duarte<\/p>\n\n\n\n<p>Lucas Gorges<\/p>\n\n\n\n<p>Tonie Paganini<\/p>\n\n\n\n<p>Vitor Costa<\/p>\n<\/blockquote>\n","protected":false},"excerpt":{"rendered":"<p>2024.2 Editor-chefe e monitor: Jota Ferreira Editores-assistentes: Arthur Alves, Nathaly Bittencourt, Fernanda Zwirtes e Iara Rocha Rep\u00f3rteres e estudantes: Ala\u00edde Gon\u00e7alves Aline Ribeiro Andr\u00e9 Farias Davi Mariano Domenique Bitencourt Edu Demarchi Eduardo Bruscagim Jo\u00e3o Pedro de Souza Maria Eduarda Fontana Samarah Susie Tainara Flores Victor Hugo Viegas Let\u00edcia Barros Ana Carolina Rodrigues Ari\u00e9ll Crist\u00f3v\u00e3o Camili [&hellip;]<\/p>\n","protected":false},"author":1,"featured_media":0,"parent":36,"menu_order":0,"comment_status":"closed","ping_status":"closed","template":"","meta":{"footnotes":""},"class_list":["post-2173","page","type-page","status-publish","hentry"],"yoast_head":"<!-- This site is optimized with the Yoast SEO plugin v22.9 - https:\/\/yoast.com\/wordpress\/plugins\/seo\/ -->\n<title>2024.2 - O Fatual<\/title>\n<meta name=\"robots\" content=\"index, follow, max-snippet:-1, max-image-preview:large, max-video-preview:-1\" \/>\n<link rel=\"canonical\" href=\"https:\/\/jornalofatual.ufsc.br\/index.php\/quem-somos\/quem-somos-3-2\/\" \/>\n<meta property=\"og:locale\" content=\"pt_BR\" \/>\n<meta property=\"og:type\" content=\"article\" \/>\n<meta property=\"og:title\" content=\"2024.2 - O Fatual\" \/>\n<meta property=\"og:description\" content=\"2024.2 Editor-chefe e monitor: Jota Ferreira Editores-assistentes: Arthur Alves, Nathaly Bittencourt, Fernanda Zwirtes e Iara Rocha Rep\u00f3rteres e estudantes: Ala\u00edde Gon\u00e7alves Aline Ribeiro Andr\u00e9 Farias Davi Mariano Domenique Bitencourt Edu Demarchi Eduardo Bruscagim Jo\u00e3o Pedro de Souza Maria Eduarda Fontana Samarah Susie Tainara Flores Victor Hugo Viegas Let\u00edcia Barros Ana Carolina Rodrigues Ari\u00e9ll Crist\u00f3v\u00e3o Camili [&hellip;]\" \/>\n<meta property=\"og:url\" content=\"https:\/\/jornalofatual.ufsc.br\/index.php\/quem-somos\/quem-somos-3-2\/\" \/>\n<meta property=\"og:site_name\" content=\"O Fatual\" \/>\n<meta property=\"article:modified_time\" content=\"2025-06-01T20:22:06+00:00\" \/>\n<meta name=\"twitter:card\" content=\"summary_large_image\" \/>\n<meta name=\"twitter:label1\" content=\"Est. tempo de leitura\" \/>\n\t<meta name=\"twitter:data1\" content=\"1 minuto\" \/>\n<script type=\"application\/ld+json\" class=\"yoast-schema-graph\">{\"@context\":\"https:\/\/schema.org\",\"@graph\":[{\"@type\":\"WebPage\",\"@id\":\"https:\/\/jornalofatual.ufsc.br\/index.php\/quem-somos\/quem-somos-3-2\/\",\"url\":\"https:\/\/jornalofatual.ufsc.br\/index.php\/quem-somos\/quem-somos-3-2\/\",\"name\":\"2024.2 - O Fatual\",\"isPartOf\":{\"@id\":\"https:\/\/jornalofatual.ufsc.br\/#website\"},\"datePublished\":\"2025-06-01T20:10:43+00:00\",\"dateModified\":\"2025-06-01T20:22:06+00:00\",\"breadcrumb\":{\"@id\":\"https:\/\/jornalofatual.ufsc.br\/index.php\/quem-somos\/quem-somos-3-2\/#breadcrumb\"},\"inLanguage\":\"pt-BR\",\"potentialAction\":[{\"@type\":\"ReadAction\",\"target\":[\"https:\/\/jornalofatual.ufsc.br\/index.php\/quem-somos\/quem-somos-3-2\/\"]}]},{\"@type\":\"BreadcrumbList\",\"@id\":\"https:\/\/jornalofatual.ufsc.br\/index.php\/quem-somos\/quem-somos-3-2\/#breadcrumb\",\"itemListElement\":[{\"@type\":\"ListItem\",\"position\":1,\"name\":\"In\u00edcio\",\"item\":\"https:\/\/jornalofatual.ufsc.br\/\"},{\"@type\":\"ListItem\",\"position\":2,\"name\":\"QUEM SOMOS\",\"item\":\"https:\/\/jornalofatual.ufsc.br\/index.php\/quem-somos\/\"},{\"@type\":\"ListItem\",\"position\":3,\"name\":\"2024.2\"}]},{\"@type\":\"WebSite\",\"@id\":\"https:\/\/jornalofatual.ufsc.br\/#website\",\"url\":\"https:\/\/jornalofatual.ufsc.br\/\",\"name\":\"O Fatual\",\"description\":\"Jornalismo UFSC\",\"potentialAction\":[{\"@type\":\"SearchAction\",\"target\":{\"@type\":\"EntryPoint\",\"urlTemplate\":\"https:\/\/jornalofatual.ufsc.br\/?s={search_term_string}\"},\"query-input\":\"required name=search_term_string\"}],\"inLanguage\":\"pt-BR\"}]}<\/script>\n<!-- \/ Yoast SEO plugin. -->","yoast_head_json":{"title":"2024.2 - O Fatual","robots":{"index":"index","follow":"follow","max-snippet":"max-snippet:-1","max-image-preview":"max-image-preview:large","max-video-preview":"max-video-preview:-1"},"canonical":"https:\/\/jornalofatual.ufsc.br\/index.php\/quem-somos\/quem-somos-3-2\/","og_locale":"pt_BR","og_type":"article","og_title":"2024.2 - O Fatual","og_description":"2024.2 Editor-chefe e monitor: Jota Ferreira Editores-assistentes: Arthur Alves, Nathaly Bittencourt, Fernanda Zwirtes e Iara Rocha Rep\u00f3rteres e estudantes: Ala\u00edde Gon\u00e7alves Aline Ribeiro Andr\u00e9 Farias Davi Mariano Domenique Bitencourt Edu Demarchi Eduardo Bruscagim Jo\u00e3o Pedro de Souza Maria Eduarda Fontana Samarah Susie Tainara Flores Victor Hugo Viegas Let\u00edcia Barros Ana Carolina Rodrigues Ari\u00e9ll Crist\u00f3v\u00e3o Camili [&hellip;]","og_url":"https:\/\/jornalofatual.ufsc.br\/index.php\/quem-somos\/quem-somos-3-2\/","og_site_name":"O Fatual","article_modified_time":"2025-06-01T20:22:06+00:00","twitter_card":"summary_large_image","twitter_misc":{"Est. tempo de leitura":"1 minuto"},"schema":{"@context":"https:\/\/schema.org","@graph":[{"@type":"WebPage","@id":"https:\/\/jornalofatual.ufsc.br\/index.php\/quem-somos\/quem-somos-3-2\/","url":"https:\/\/jornalofatual.ufsc.br\/index.php\/quem-somos\/quem-somos-3-2\/","name":"2024.2 - O Fatual","isPartOf":{"@id":"https:\/\/jornalofatual.ufsc.br\/#website"},"datePublished":"2025-06-01T20:10:43+00:00","dateModified":"2025-06-01T20:22:06+00:00","breadcrumb":{"@id":"https:\/\/jornalofatual.ufsc.br\/index.php\/quem-somos\/quem-somos-3-2\/#breadcrumb"},"inLanguage":"pt-BR","potentialAction":[{"@type":"ReadAction","target":["https:\/\/jornalofatual.ufsc.br\/index.php\/quem-somos\/quem-somos-3-2\/"]}]},{"@type":"BreadcrumbList","@id":"https:\/\/jornalofatual.ufsc.br\/index.php\/quem-somos\/quem-somos-3-2\/#breadcrumb","itemListElement":[{"@type":"ListItem","position":1,"name":"In\u00edcio","item":"https:\/\/jornalofatual.ufsc.br\/"},{"@type":"ListItem","position":2,"name":"QUEM SOMOS","item":"https:\/\/jornalofatual.ufsc.br\/index.php\/quem-somos\/"},{"@type":"ListItem","position":3,"name":"2024.2"}]},{"@type":"WebSite","@id":"https:\/\/jornalofatual.ufsc.br\/#website","url":"https:\/\/jornalofatual.ufsc.br\/","name":"O Fatual","description":"Jornalismo UFSC","potentialAction":[{"@type":"SearchAction","target":{"@type":"EntryPoint","urlTemplate":"https:\/\/jornalofatual.ufsc.br\/?s={search_term_string}"},"query-input":"required name=search_term_string"}],"inLanguage":"pt-BR"}]}},"_links":{"self":[{"href":"https:\/\/jornalofatual.ufsc.br\/index.php\/wp-json\/wp\/v2\/pages\/2173","targetHints":{"allow":["GET"]}}],"collection":[{"href":"https:\/\/jornalofatual.ufsc.br\/index.php\/wp-json\/wp\/v2\/pages"}],"about":[{"href":"https:\/\/jornalofatual.ufsc.br\/index.php\/wp-json\/wp\/v2\/types\/page"}],"author":[{"embeddable":true,"href":"https:\/\/jornalofatual.ufsc.br\/index.php\/wp-json\/wp\/v2\/users\/1"}],"replies":[{"embeddable":true,"href":"https:\/\/jornalofatual.ufsc.br\/index.php\/wp-json\/wp\/v2\/comments?post=2173"}],"version-history":[{"count":4,"href":"https:\/\/jornalofatual.ufsc.br\/index.php\/wp-json\/wp\/v2\/pages\/2173\/revisions"}],"predecessor-version":[{"id":2179,"href":"https:\/\/jornalofatual.ufsc.br\/index.php\/wp-json\/wp\/v2\/pages\/2173\/revisions\/2179"}],"up":[{"embeddable":true,"href":"https:\/\/jornalofatual.ufsc.br\/index.php\/wp-json\/wp\/v2\/pages\/36"}],"wp:attachment":[{"href":"https:\/\/jornalofatual.ufsc.br\/index.php\/wp-json\/wp\/v2\/media?parent=2173"}],"curies":[{"name":"wp","href":"https:\/\/api.w.org\/{rel}","templated":true}]}}