{"id":1850,"date":"2024-10-04T17:47:23","date_gmt":"2024-10-04T20:47:23","guid":{"rendered":"https:\/\/jornalofatual.ufsc.br\/?page_id=1850"},"modified":"2025-06-01T16:56:43","modified_gmt":"2025-06-01T19:56:43","slug":"2023-2","status":"publish","type":"page","link":"https:\/\/jornalofatual.ufsc.br\/index.php\/quem-somos\/2023-2\/","title":{"rendered":"2023.2"},"content":{"rendered":"\n<h2 class=\"wp-block-heading has-large-font-size\">2023.2<\/h2>\n\n\n\n<blockquote class=\"wp-block-quote is-style-default is-layout-flow wp-block-quote-is-layout-flow\">\n<p><strong>Editores-chefes e monitores:<\/strong> <\/p>\n\n\n\n<p>Luana Consoli e Vit\u00f3rya Navegantes<\/p>\n\n\n\n<p><strong>Editores-assistentes:<\/strong><\/p>\n\n\n\n<p>Brenda Gasparetto, Fernanda Zwirtes e Vin\u00edcius Graton<\/p>\n\n\n\n<p>\u200b<strong>Rep\u00f3rteres e estudantes: <\/strong><\/p>\n\n\n\n<p>Amanda Kovalczykovski<\/p>\n\n\n\n<p>Arthur Westphalen<\/p>\n\n\n\n<p>Camila Eloisa<\/p>\n\n\n\n<p>Duda Martins<\/p>\n\n\n\n<p>\u00c9rica Zucchi<\/p>\n\n\n\n<p>Iara Rocha<\/p>\n\n\n\n<p>Jo\u00e3o Ribeiro<\/p>\n\n\n\n<p>Karime Limeira<\/p>\n\n\n\n<p>Luiza Feppe<\/p>\n\n\n\n<p>Luiz Moraes<\/p>\n\n\n\n<p>Malena Lima<\/p>\n\n\n\n<p>Matheus Welter<\/p>\n\n\n\n<p>Melissa Prado<\/p>\n<\/blockquote>\n","protected":false},"excerpt":{"rendered":"<p>2023.2 Editores-chefes e monitores: Luana Consoli e Vit\u00f3rya Navegantes Editores-assistentes: Brenda Gasparetto, Fernanda Zwirtes e Vin\u00edcius Graton \u200bRep\u00f3rteres e estudantes: Amanda Kovalczykovski Arthur Westphalen Camila Eloisa Duda Martins \u00c9rica Zucchi Iara Rocha Jo\u00e3o Ribeiro Karime Limeira Luiza Feppe Luiz Moraes Malena Lima Matheus Welter Melissa Prado<\/p>\n","protected":false},"author":1,"featured_media":0,"parent":36,"menu_order":0,"comment_status":"closed","ping_status":"closed","template":"","meta":{"footnotes":""},"class_list":["post-1850","page","type-page","status-publish","hentry"],"yoast_head":"<!-- This site is optimized with the Yoast SEO plugin v22.9 - https:\/\/yoast.com\/wordpress\/plugins\/seo\/ -->\n<title>2023.2 - O Fatual<\/title>\n<meta name=\"robots\" content=\"index, follow, max-snippet:-1, max-image-preview:large, max-video-preview:-1\" \/>\n<link rel=\"canonical\" href=\"https:\/\/jornalofatual.ufsc.br\/index.php\/quem-somos\/2023-2\/\" \/>\n<meta property=\"og:locale\" content=\"pt_BR\" \/>\n<meta property=\"og:type\" content=\"article\" \/>\n<meta property=\"og:title\" content=\"2023.2 - O Fatual\" \/>\n<meta property=\"og:description\" content=\"2023.2 Editores-chefes e monitores: Luana Consoli e Vit\u00f3rya Navegantes Editores-assistentes: Brenda Gasparetto, Fernanda Zwirtes e Vin\u00edcius Graton \u200bRep\u00f3rteres e estudantes: Amanda Kovalczykovski Arthur Westphalen Camila Eloisa Duda Martins \u00c9rica Zucchi Iara Rocha Jo\u00e3o Ribeiro Karime Limeira Luiza Feppe Luiz Moraes Malena Lima Matheus Welter Melissa Prado\" \/>\n<meta property=\"og:url\" content=\"https:\/\/jornalofatual.ufsc.br\/index.php\/quem-somos\/2023-2\/\" \/>\n<meta property=\"og:site_name\" content=\"O Fatual\" \/>\n<meta property=\"article:modified_time\" content=\"2025-06-01T19:56:43+00:00\" \/>\n<meta name=\"twitter:card\" content=\"summary_large_image\" \/>\n<meta name=\"twitter:label1\" content=\"Est. tempo de leitura\" \/>\n\t<meta name=\"twitter:data1\" content=\"1 minuto\" \/>\n<script type=\"application\/ld+json\" class=\"yoast-schema-graph\">{\"@context\":\"https:\/\/schema.org\",\"@graph\":[{\"@type\":\"WebPage\",\"@id\":\"https:\/\/jornalofatual.ufsc.br\/index.php\/quem-somos\/2023-2\/\",\"url\":\"https:\/\/jornalofatual.ufsc.br\/index.php\/quem-somos\/2023-2\/\",\"name\":\"2023.2 - O Fatual\",\"isPartOf\":{\"@id\":\"https:\/\/jornalofatual.ufsc.br\/#website\"},\"datePublished\":\"2024-10-04T20:47:23+00:00\",\"dateModified\":\"2025-06-01T19:56:43+00:00\",\"breadcrumb\":{\"@id\":\"https:\/\/jornalofatual.ufsc.br\/index.php\/quem-somos\/2023-2\/#breadcrumb\"},\"inLanguage\":\"pt-BR\",\"potentialAction\":[{\"@type\":\"ReadAction\",\"target\":[\"https:\/\/jornalofatual.ufsc.br\/index.php\/quem-somos\/2023-2\/\"]}]},{\"@type\":\"BreadcrumbList\",\"@id\":\"https:\/\/jornalofatual.ufsc.br\/index.php\/quem-somos\/2023-2\/#breadcrumb\",\"itemListElement\":[{\"@type\":\"ListItem\",\"position\":1,\"name\":\"In\u00edcio\",\"item\":\"https:\/\/jornalofatual.ufsc.br\/\"},{\"@type\":\"ListItem\",\"position\":2,\"name\":\"QUEM SOMOS\",\"item\":\"https:\/\/jornalofatual.ufsc.br\/index.php\/quem-somos\/\"},{\"@type\":\"ListItem\",\"position\":3,\"name\":\"2023.2\"}]},{\"@type\":\"WebSite\",\"@id\":\"https:\/\/jornalofatual.ufsc.br\/#website\",\"url\":\"https:\/\/jornalofatual.ufsc.br\/\",\"name\":\"O Fatual\",\"description\":\"Jornalismo UFSC\",\"potentialAction\":[{\"@type\":\"SearchAction\",\"target\":{\"@type\":\"EntryPoint\",\"urlTemplate\":\"https:\/\/jornalofatual.ufsc.br\/?s={search_term_string}\"},\"query-input\":\"required name=search_term_string\"}],\"inLanguage\":\"pt-BR\"}]}<\/script>\n<!-- \/ Yoast SEO plugin. -->","yoast_head_json":{"title":"2023.2 - O Fatual","robots":{"index":"index","follow":"follow","max-snippet":"max-snippet:-1","max-image-preview":"max-image-preview:large","max-video-preview":"max-video-preview:-1"},"canonical":"https:\/\/jornalofatual.ufsc.br\/index.php\/quem-somos\/2023-2\/","og_locale":"pt_BR","og_type":"article","og_title":"2023.2 - O Fatual","og_description":"2023.2 Editores-chefes e monitores: Luana Consoli e Vit\u00f3rya Navegantes Editores-assistentes: Brenda Gasparetto, Fernanda Zwirtes e Vin\u00edcius Graton \u200bRep\u00f3rteres e estudantes: Amanda Kovalczykovski Arthur Westphalen Camila Eloisa Duda Martins \u00c9rica Zucchi Iara Rocha Jo\u00e3o Ribeiro Karime Limeira Luiza Feppe Luiz Moraes Malena Lima Matheus Welter Melissa Prado","og_url":"https:\/\/jornalofatual.ufsc.br\/index.php\/quem-somos\/2023-2\/","og_site_name":"O Fatual","article_modified_time":"2025-06-01T19:56:43+00:00","twitter_card":"summary_large_image","twitter_misc":{"Est. tempo de leitura":"1 minuto"},"schema":{"@context":"https:\/\/schema.org","@graph":[{"@type":"WebPage","@id":"https:\/\/jornalofatual.ufsc.br\/index.php\/quem-somos\/2023-2\/","url":"https:\/\/jornalofatual.ufsc.br\/index.php\/quem-somos\/2023-2\/","name":"2023.2 - O Fatual","isPartOf":{"@id":"https:\/\/jornalofatual.ufsc.br\/#website"},"datePublished":"2024-10-04T20:47:23+00:00","dateModified":"2025-06-01T19:56:43+00:00","breadcrumb":{"@id":"https:\/\/jornalofatual.ufsc.br\/index.php\/quem-somos\/2023-2\/#breadcrumb"},"inLanguage":"pt-BR","potentialAction":[{"@type":"ReadAction","target":["https:\/\/jornalofatual.ufsc.br\/index.php\/quem-somos\/2023-2\/"]}]},{"@type":"BreadcrumbList","@id":"https:\/\/jornalofatual.ufsc.br\/index.php\/quem-somos\/2023-2\/#breadcrumb","itemListElement":[{"@type":"ListItem","position":1,"name":"In\u00edcio","item":"https:\/\/jornalofatual.ufsc.br\/"},{"@type":"ListItem","position":2,"name":"QUEM SOMOS","item":"https:\/\/jornalofatual.ufsc.br\/index.php\/quem-somos\/"},{"@type":"ListItem","position":3,"name":"2023.2"}]},{"@type":"WebSite","@id":"https:\/\/jornalofatual.ufsc.br\/#website","url":"https:\/\/jornalofatual.ufsc.br\/","name":"O Fatual","description":"Jornalismo UFSC","potentialAction":[{"@type":"SearchAction","target":{"@type":"EntryPoint","urlTemplate":"https:\/\/jornalofatual.ufsc.br\/?s={search_term_string}"},"query-input":"required name=search_term_string"}],"inLanguage":"pt-BR"}]}},"_links":{"self":[{"href":"https:\/\/jornalofatual.ufsc.br\/index.php\/wp-json\/wp\/v2\/pages\/1850","targetHints":{"allow":["GET"]}}],"collection":[{"href":"https:\/\/jornalofatual.ufsc.br\/index.php\/wp-json\/wp\/v2\/pages"}],"about":[{"href":"https:\/\/jornalofatual.ufsc.br\/index.php\/wp-json\/wp\/v2\/types\/page"}],"author":[{"embeddable":true,"href":"https:\/\/jornalofatual.ufsc.br\/index.php\/wp-json\/wp\/v2\/users\/1"}],"replies":[{"embeddable":true,"href":"https:\/\/jornalofatual.ufsc.br\/index.php\/wp-json\/wp\/v2\/comments?post=1850"}],"version-history":[{"count":1,"href":"https:\/\/jornalofatual.ufsc.br\/index.php\/wp-json\/wp\/v2\/pages\/1850\/revisions"}],"predecessor-version":[{"id":1852,"href":"https:\/\/jornalofatual.ufsc.br\/index.php\/wp-json\/wp\/v2\/pages\/1850\/revisions\/1852"}],"up":[{"embeddable":true,"href":"https:\/\/jornalofatual.ufsc.br\/index.php\/wp-json\/wp\/v2\/pages\/36"}],"wp:attachment":[{"href":"https:\/\/jornalofatual.ufsc.br\/index.php\/wp-json\/wp\/v2\/media?parent=1850"}],"curies":[{"name":"wp","href":"https:\/\/api.w.org\/{rel}","templated":true}]}}