{"id":1846,"date":"2024-10-04T17:27:34","date_gmt":"2024-10-04T20:27:34","guid":{"rendered":"https:\/\/jornalofatual.ufsc.br\/?page_id=1846"},"modified":"2025-06-01T16:56:15","modified_gmt":"2025-06-01T19:56:15","slug":"quem-somos-2","status":"publish","type":"page","link":"https:\/\/jornalofatual.ufsc.br\/index.php\/quem-somos\/quem-somos-2\/","title":{"rendered":"2024.1"},"content":{"rendered":"\n<h2 class=\"wp-block-heading\">2024.1<\/h2>\n\n\n\n<blockquote class=\"wp-block-quote is-layout-flow wp-block-quote-is-layout-flow\">\n<p><strong>Editor-chefe e monitor:<\/strong><\/p>\n\n\n\n<p>Vin\u00edcius Graton<\/p>\n\n\n\n<p><strong>Editores-assistentes:<\/strong><\/p>\n\n\n\n<p>Arthur Alves, Brenda Gasparetto, Fernanda Zwirtes, Iara Rocha, Jota Ferreira, Larissa Santos, Luiza Feppe, Malena Lima, Nathaly Bittencourt e Vit\u00f3rya Navegantes<\/p>\n\n\n\n<p><strong>Rep\u00f3rteres e estudantes:<\/strong><\/p>\n\n\n\n<p>Amanda Monique<\/p>\n\n\n\n<p>Arthur Pereira<\/p>\n\n\n\n<p>Camila Borges<\/p>\n\n\n\n<p>Isadora Pavei<\/p>\n\n\n\n<p>J\u00falia Cataneo<\/p>\n\n\n\n<p>L\u00edvia Goulart<\/p>\n\n\n\n<p>Mait\u00ea Silveira<\/p>\n\n\n\n<p>Maria Clara Lima<\/p>\n\n\n\n<p>Maria Eduarda Furlanetto<\/p>\n\n\n\n<p>Maria Eduarda Vieira<\/p>\n\n\n\n<p>Nayara Santos<\/p>\n\n\n\n<p>Pedro Fattah<\/p>\n\n\n\n<p>Rafael Cardoso<\/p>\n\n\n\n<p>Valentina Orlandi<\/p>\n\n\n\n<p>Vit\u00f3rio Fleury<\/p>\n<\/blockquote>\n\n\n\n<p><\/p>\n","protected":false},"excerpt":{"rendered":"<p>2024.1 Editor-chefe e monitor: Vin\u00edcius Graton Editores-assistentes: Arthur Alves, Brenda Gasparetto, Fernanda Zwirtes, Iara Rocha, Jota Ferreira, Larissa Santos, Luiza Feppe, Malena Lima, Nathaly Bittencourt e Vit\u00f3rya Navegantes Rep\u00f3rteres e estudantes: Amanda Monique Arthur Pereira Camila Borges Isadora Pavei J\u00falia Cataneo L\u00edvia Goulart Mait\u00ea Silveira Maria Clara Lima Maria Eduarda Furlanetto Maria Eduarda Vieira Nayara [&hellip;]<\/p>\n","protected":false},"author":1,"featured_media":0,"parent":36,"menu_order":0,"comment_status":"closed","ping_status":"closed","template":"","meta":{"footnotes":""},"class_list":["post-1846","page","type-page","status-publish","hentry"],"yoast_head":"<!-- This site is optimized with the Yoast SEO plugin v22.9 - https:\/\/yoast.com\/wordpress\/plugins\/seo\/ -->\n<title>2024.1 - O Fatual<\/title>\n<meta name=\"robots\" content=\"index, follow, max-snippet:-1, max-image-preview:large, max-video-preview:-1\" \/>\n<link rel=\"canonical\" href=\"https:\/\/jornalofatual.ufsc.br\/index.php\/quem-somos\/quem-somos-2\/\" \/>\n<meta property=\"og:locale\" content=\"pt_BR\" \/>\n<meta property=\"og:type\" content=\"article\" \/>\n<meta property=\"og:title\" content=\"2024.1 - O Fatual\" \/>\n<meta property=\"og:description\" content=\"2024.1 Editor-chefe e monitor: Vin\u00edcius Graton Editores-assistentes: Arthur Alves, Brenda Gasparetto, Fernanda Zwirtes, Iara Rocha, Jota Ferreira, Larissa Santos, Luiza Feppe, Malena Lima, Nathaly Bittencourt e Vit\u00f3rya Navegantes Rep\u00f3rteres e estudantes: Amanda Monique Arthur Pereira Camila Borges Isadora Pavei J\u00falia Cataneo L\u00edvia Goulart Mait\u00ea Silveira Maria Clara Lima Maria Eduarda Furlanetto Maria Eduarda Vieira Nayara [&hellip;]\" \/>\n<meta property=\"og:url\" content=\"https:\/\/jornalofatual.ufsc.br\/index.php\/quem-somos\/quem-somos-2\/\" \/>\n<meta property=\"og:site_name\" content=\"O Fatual\" \/>\n<meta property=\"article:modified_time\" content=\"2025-06-01T19:56:15+00:00\" \/>\n<meta name=\"twitter:card\" content=\"summary_large_image\" \/>\n<meta name=\"twitter:label1\" content=\"Est. tempo de leitura\" \/>\n\t<meta name=\"twitter:data1\" content=\"1 minuto\" \/>\n<script type=\"application\/ld+json\" class=\"yoast-schema-graph\">{\"@context\":\"https:\/\/schema.org\",\"@graph\":[{\"@type\":\"WebPage\",\"@id\":\"https:\/\/jornalofatual.ufsc.br\/index.php\/quem-somos\/quem-somos-2\/\",\"url\":\"https:\/\/jornalofatual.ufsc.br\/index.php\/quem-somos\/quem-somos-2\/\",\"name\":\"2024.1 - O Fatual\",\"isPartOf\":{\"@id\":\"https:\/\/jornalofatual.ufsc.br\/#website\"},\"datePublished\":\"2024-10-04T20:27:34+00:00\",\"dateModified\":\"2025-06-01T19:56:15+00:00\",\"breadcrumb\":{\"@id\":\"https:\/\/jornalofatual.ufsc.br\/index.php\/quem-somos\/quem-somos-2\/#breadcrumb\"},\"inLanguage\":\"pt-BR\",\"potentialAction\":[{\"@type\":\"ReadAction\",\"target\":[\"https:\/\/jornalofatual.ufsc.br\/index.php\/quem-somos\/quem-somos-2\/\"]}]},{\"@type\":\"BreadcrumbList\",\"@id\":\"https:\/\/jornalofatual.ufsc.br\/index.php\/quem-somos\/quem-somos-2\/#breadcrumb\",\"itemListElement\":[{\"@type\":\"ListItem\",\"position\":1,\"name\":\"In\u00edcio\",\"item\":\"https:\/\/jornalofatual.ufsc.br\/\"},{\"@type\":\"ListItem\",\"position\":2,\"name\":\"QUEM SOMOS\",\"item\":\"https:\/\/jornalofatual.ufsc.br\/index.php\/quem-somos\/\"},{\"@type\":\"ListItem\",\"position\":3,\"name\":\"2024.1\"}]},{\"@type\":\"WebSite\",\"@id\":\"https:\/\/jornalofatual.ufsc.br\/#website\",\"url\":\"https:\/\/jornalofatual.ufsc.br\/\",\"name\":\"O Fatual\",\"description\":\"Jornalismo UFSC\",\"potentialAction\":[{\"@type\":\"SearchAction\",\"target\":{\"@type\":\"EntryPoint\",\"urlTemplate\":\"https:\/\/jornalofatual.ufsc.br\/?s={search_term_string}\"},\"query-input\":\"required name=search_term_string\"}],\"inLanguage\":\"pt-BR\"}]}<\/script>\n<!-- \/ Yoast SEO plugin. -->","yoast_head_json":{"title":"2024.1 - O Fatual","robots":{"index":"index","follow":"follow","max-snippet":"max-snippet:-1","max-image-preview":"max-image-preview:large","max-video-preview":"max-video-preview:-1"},"canonical":"https:\/\/jornalofatual.ufsc.br\/index.php\/quem-somos\/quem-somos-2\/","og_locale":"pt_BR","og_type":"article","og_title":"2024.1 - O Fatual","og_description":"2024.1 Editor-chefe e monitor: Vin\u00edcius Graton Editores-assistentes: Arthur Alves, Brenda Gasparetto, Fernanda Zwirtes, Iara Rocha, Jota Ferreira, Larissa Santos, Luiza Feppe, Malena Lima, Nathaly Bittencourt e Vit\u00f3rya Navegantes Rep\u00f3rteres e estudantes: Amanda Monique Arthur Pereira Camila Borges Isadora Pavei J\u00falia Cataneo L\u00edvia Goulart Mait\u00ea Silveira Maria Clara Lima Maria Eduarda Furlanetto Maria Eduarda Vieira Nayara [&hellip;]","og_url":"https:\/\/jornalofatual.ufsc.br\/index.php\/quem-somos\/quem-somos-2\/","og_site_name":"O Fatual","article_modified_time":"2025-06-01T19:56:15+00:00","twitter_card":"summary_large_image","twitter_misc":{"Est. tempo de leitura":"1 minuto"},"schema":{"@context":"https:\/\/schema.org","@graph":[{"@type":"WebPage","@id":"https:\/\/jornalofatual.ufsc.br\/index.php\/quem-somos\/quem-somos-2\/","url":"https:\/\/jornalofatual.ufsc.br\/index.php\/quem-somos\/quem-somos-2\/","name":"2024.1 - O Fatual","isPartOf":{"@id":"https:\/\/jornalofatual.ufsc.br\/#website"},"datePublished":"2024-10-04T20:27:34+00:00","dateModified":"2025-06-01T19:56:15+00:00","breadcrumb":{"@id":"https:\/\/jornalofatual.ufsc.br\/index.php\/quem-somos\/quem-somos-2\/#breadcrumb"},"inLanguage":"pt-BR","potentialAction":[{"@type":"ReadAction","target":["https:\/\/jornalofatual.ufsc.br\/index.php\/quem-somos\/quem-somos-2\/"]}]},{"@type":"BreadcrumbList","@id":"https:\/\/jornalofatual.ufsc.br\/index.php\/quem-somos\/quem-somos-2\/#breadcrumb","itemListElement":[{"@type":"ListItem","position":1,"name":"In\u00edcio","item":"https:\/\/jornalofatual.ufsc.br\/"},{"@type":"ListItem","position":2,"name":"QUEM SOMOS","item":"https:\/\/jornalofatual.ufsc.br\/index.php\/quem-somos\/"},{"@type":"ListItem","position":3,"name":"2024.1"}]},{"@type":"WebSite","@id":"https:\/\/jornalofatual.ufsc.br\/#website","url":"https:\/\/jornalofatual.ufsc.br\/","name":"O Fatual","description":"Jornalismo UFSC","potentialAction":[{"@type":"SearchAction","target":{"@type":"EntryPoint","urlTemplate":"https:\/\/jornalofatual.ufsc.br\/?s={search_term_string}"},"query-input":"required name=search_term_string"}],"inLanguage":"pt-BR"}]}},"_links":{"self":[{"href":"https:\/\/jornalofatual.ufsc.br\/index.php\/wp-json\/wp\/v2\/pages\/1846","targetHints":{"allow":["GET"]}}],"collection":[{"href":"https:\/\/jornalofatual.ufsc.br\/index.php\/wp-json\/wp\/v2\/pages"}],"about":[{"href":"https:\/\/jornalofatual.ufsc.br\/index.php\/wp-json\/wp\/v2\/types\/page"}],"author":[{"embeddable":true,"href":"https:\/\/jornalofatual.ufsc.br\/index.php\/wp-json\/wp\/v2\/users\/1"}],"replies":[{"embeddable":true,"href":"https:\/\/jornalofatual.ufsc.br\/index.php\/wp-json\/wp\/v2\/comments?post=1846"}],"version-history":[{"count":2,"href":"https:\/\/jornalofatual.ufsc.br\/index.php\/wp-json\/wp\/v2\/pages\/1846\/revisions"}],"predecessor-version":[{"id":1858,"href":"https:\/\/jornalofatual.ufsc.br\/index.php\/wp-json\/wp\/v2\/pages\/1846\/revisions\/1858"}],"up":[{"embeddable":true,"href":"https:\/\/jornalofatual.ufsc.br\/index.php\/wp-json\/wp\/v2\/pages\/36"}],"wp:attachment":[{"href":"https:\/\/jornalofatual.ufsc.br\/index.php\/wp-json\/wp\/v2\/media?parent=1846"}],"curies":[{"name":"wp","href":"https:\/\/api.w.org\/{rel}","templated":true}]}}